{"id":1174,"date":"2024-04-03T13:22:57","date_gmt":"2024-04-03T13:22:57","guid":{"rendered":"https:\/\/a-renting.be\/?page_id=1174"},"modified":"2024-04-03T13:36:32","modified_gmt":"2024-04-03T13:36:32","slug":"maatwerk","status":"publish","type":"page","link":"https:\/\/a-renting.be\/fr\/maatwerk\/","title":{"rendered":"Sur mesure"},"content":{"rendered":"<div data-elementor-type=\"wp-page\" data-elementor-id=\"1174\" class=\"elementor elementor-1174\" data-elementor-post-type=\"page\">\n\t\t\t\t<div class=\"elementor-element elementor-element-11687d78 e-con-full e-flex e-con e-parent\" data-id=\"11687d78\" data-element_type=\"container\" data-settings=\"{&quot;background_background&quot;:&quot;classic&quot;}\">\n\t\t<div class=\"elementor-element elementor-element-1716264c e-con-full e-flex e-con e-child\" data-id=\"1716264c\" data-element_type=\"container\">\n\t\t\t\t<div class=\"elementor-element elementor-element-241e0292 elementor-widget elementor-widget-heading\" data-id=\"241e0292\" data-element_type=\"widget\" data-widget_type=\"heading.default\">\n\t\t\t\t<div class=\"elementor-widget-container\">\n\t\t\t<h2 class=\"elementor-heading-title elementor-size-default\">SUR MESURE<\/h2>\t\t<\/div>\n\t\t\t\t<\/div>\n\t\t\t\t<div class=\"elementor-element elementor-element-cd3bb6a elementor-widget elementor-widget-text-editor\" data-id=\"cd3bb6a\" data-element_type=\"widget\" data-widget_type=\"text-editor.default\">\n\t\t\t\t<div class=\"elementor-widget-container\">\n\t\t\t\t\t\t\t<p>Hier komt een tekst die het concept uitlegt over maatwerk bij A-renting. ||\u00a0 Target &gt;&gt; Industrie<\/p><p>Er wordt met \/ voor de klant een klimaatoplossing op maat uitgewerkt. Dit gaat vaak over een vaste technische installatie die verhuurd \/ geleased wordt. Na een voorafgesproken periode wordt de instalatie overgekocht of doorverkocht.\u00a0<\/p><p>Hanne &gt;&gt; Meer info bij Stefan.<\/p>\t\t\t\t\t\t<\/div>\n\t\t\t\t<\/div>\n\t\t\t\t<\/div>\n\t\t<div class=\"elementor-element elementor-element-6f68d3e e-con-full e-flex e-con e-child\" data-id=\"6f68d3e\" data-element_type=\"container\">\n\t\t<div class=\"elementor-element elementor-element-691ea88a animated-slow e-con-full e-flex e-con e-child\" data-id=\"691ea88a\" data-element_type=\"container\" data-settings=\"{&quot;animation&quot;:&quot;none&quot;,&quot;animation_delay&quot;:150}\">\n\t\t\t\t<div class=\"elementor-element elementor-element-1b53dd0 elementor-position-top elementor-widget elementor-widget-image-box\" data-id=\"1b53dd0\" data-element_type=\"widget\" data-settings=\"{&quot;_animation&quot;:&quot;none&quot;}\" data-widget_type=\"image-box.default\">\n\t\t\t\t<div class=\"elementor-widget-container\">\n\t\t\t<div class=\"elementor-image-box-wrapper\"><figure class=\"elementor-image-box-img\"><img fetchpriority=\"high\" decoding=\"async\" width=\"800\" height=\"1000\" src=\"https:\/\/a-renting.be\/wp-content\/uploads\/2024\/04\/Shockvriezer.png\" class=\"attachment-full size-full wp-image-1188\" alt=\"\" srcset=\"https:\/\/a-renting.be\/wp-content\/uploads\/2024\/04\/Shockvriezer.png 800w, https:\/\/a-renting.be\/wp-content\/uploads\/2024\/04\/Shockvriezer-240x300.png 240w, https:\/\/a-renting.be\/wp-content\/uploads\/2024\/04\/Shockvriezer-768x960.png 768w\" sizes=\"(max-width: 800px) 100vw, 800px\" \/><\/figure><div class=\"elementor-image-box-content\"><h3 class=\"elementor-image-box-title\">SHOCKVRIEZER<\/h3><p class=\"elementor-image-box-description\">Lorem ipsum dolor sit amet, consectetur adipiscing elit, sed do eiusmod tempor incididunt ut labore et dolore magna<\/p><\/div><\/div>\t\t<\/div>\n\t\t\t\t<\/div>\n\t\t\t\t<\/div>\n\t\t<div class=\"elementor-element elementor-element-3fd77a1 animated-slow e-con-full e-flex e-con e-child\" data-id=\"3fd77a1\" data-element_type=\"container\" data-settings=\"{&quot;animation&quot;:&quot;none&quot;,&quot;animation_delay&quot;:150}\">\n\t\t\t\t<div class=\"elementor-element elementor-element-ab8e21a elementor-position-top elementor-widget elementor-widget-image-box\" data-id=\"ab8e21a\" data-element_type=\"widget\" data-settings=\"{&quot;_animation&quot;:&quot;none&quot;}\" data-widget_type=\"image-box.default\">\n\t\t\t\t<div class=\"elementor-widget-container\">\n\t\t\t<div class=\"elementor-image-box-wrapper\"><figure class=\"elementor-image-box-img\"><a href=\"https:\/\/a-renting.be\/fr\/koelcontainers\/\" tabindex=\"-1\"><img decoding=\"async\" width=\"800\" height=\"1000\" src=\"https:\/\/a-renting.be\/wp-content\/uploads\/2024\/04\/Warmhoudkamer.png\" class=\"attachment-full size-full wp-image-1189\" alt=\"\" srcset=\"https:\/\/a-renting.be\/wp-content\/uploads\/2024\/04\/Warmhoudkamer.png 800w, https:\/\/a-renting.be\/wp-content\/uploads\/2024\/04\/Warmhoudkamer-240x300.png 240w, https:\/\/a-renting.be\/wp-content\/uploads\/2024\/04\/Warmhoudkamer-768x960.png 768w\" sizes=\"(max-width: 800px) 100vw, 800px\" \/><\/a><\/figure><div class=\"elementor-image-box-content\"><h3 class=\"elementor-image-box-title\"><a href=\"https:\/\/a-renting.be\/fr\/koelcontainers\/\">VERWARMINGSKAMER<\/a><\/h3><p class=\"elementor-image-box-description\">Lorem ipsum dolor sit amet, consectetur adipiscing elit, sed do eiusmod tempor incididunt ut labore et dolore magna<\/p><\/div><\/div>\t\t<\/div>\n\t\t\t\t<\/div>\n\t\t\t\t<\/div>\n\t\t<div class=\"elementor-element elementor-element-11a5ef19 animated-slow e-con-full e-flex e-con e-child\" data-id=\"11a5ef19\" data-element_type=\"container\" data-settings=\"{&quot;animation&quot;:&quot;none&quot;,&quot;animation_delay&quot;:150}\">\n\t\t\t\t<div class=\"elementor-element elementor-element-8cf86e6 elementor-position-top elementor-widget elementor-widget-image-box\" data-id=\"8cf86e6\" data-element_type=\"widget\" data-settings=\"{&quot;_animation&quot;:&quot;none&quot;}\" data-widget_type=\"image-box.default\">\n\t\t\t\t<div class=\"elementor-widget-container\">\n\t\t\t<div class=\"elementor-image-box-wrapper\"><figure class=\"elementor-image-box-img\"><a href=\"https:\/\/a-renting.be\/fr\/koelcontainers\/\" tabindex=\"-1\"><img decoding=\"async\" width=\"800\" height=\"1000\" src=\"https:\/\/a-renting.be\/wp-content\/uploads\/2024\/04\/Tempereer.png\" class=\"attachment-full size-full wp-image-1190\" alt=\"\" srcset=\"https:\/\/a-renting.be\/wp-content\/uploads\/2024\/04\/Tempereer.png 800w, https:\/\/a-renting.be\/wp-content\/uploads\/2024\/04\/Tempereer-240x300.png 240w, https:\/\/a-renting.be\/wp-content\/uploads\/2024\/04\/Tempereer-768x960.png 768w\" sizes=\"(max-width: 800px) 100vw, 800px\" \/><\/a><\/figure><div class=\"elementor-image-box-content\"><h3 class=\"elementor-image-box-title\"><a href=\"https:\/\/a-renting.be\/fr\/koelcontainers\/\">TEMPEREER<\/a><\/h3><p class=\"elementor-image-box-description\">Lorem ipsum dolor sit amet, consectetur adipiscing elit, sed do eiusmod tempor incididunt ut labore et dolore magna<\/p><\/div><\/div>\t\t<\/div>\n\t\t\t\t<\/div>\n\t\t\t\t<\/div>\n\t\t<div class=\"elementor-element elementor-element-635454e animated-slow e-con-full e-flex e-con e-child\" data-id=\"635454e\" data-element_type=\"container\" data-settings=\"{&quot;animation&quot;:&quot;none&quot;,&quot;animation_delay&quot;:150}\">\n\t\t\t\t<div class=\"elementor-element elementor-element-ceae991 elementor-position-top elementor-widget elementor-widget-image-box\" data-id=\"ceae991\" data-element_type=\"widget\" data-settings=\"{&quot;_animation&quot;:&quot;none&quot;}\" data-widget_type=\"image-box.default\">\n\t\t\t\t<div class=\"elementor-widget-container\">\n\t\t\t<div class=\"elementor-image-box-wrapper\"><figure class=\"elementor-image-box-img\"><a href=\"https:\/\/a-renting.be\/fr\/koelcontainers\/\" tabindex=\"-1\"><img loading=\"lazy\" decoding=\"async\" width=\"800\" height=\"1000\" src=\"https:\/\/a-renting.be\/wp-content\/uploads\/2024\/04\/Korstvriezer.png\" class=\"attachment-full size-full wp-image-1191\" alt=\"\" srcset=\"https:\/\/a-renting.be\/wp-content\/uploads\/2024\/04\/Korstvriezer.png 800w, https:\/\/a-renting.be\/wp-content\/uploads\/2024\/04\/Korstvriezer-240x300.png 240w, https:\/\/a-renting.be\/wp-content\/uploads\/2024\/04\/Korstvriezer-768x960.png 768w\" sizes=\"(max-width: 800px) 100vw, 800px\" \/><\/a><\/figure><div class=\"elementor-image-box-content\"><h3 class=\"elementor-image-box-title\"><a href=\"https:\/\/a-renting.be\/fr\/koelcontainers\/\">KORSTVRIEZER<\/a><\/h3><p class=\"elementor-image-box-description\">Lorem ipsum dolor sit amet, consectetur adipiscing elit, sed do eiusmod tempor incididunt ut labore et dolore magna<\/p><\/div><\/div>\t\t<\/div>\n\t\t\t\t<\/div>\n\t\t\t\t<\/div>\n\t\t\t\t<\/div>\n\t\t\t\t<\/div>\n\t\t<div class=\"elementor-element elementor-element-8738129 e-flex e-con-boxed e-con e-parent\" data-id=\"8738129\" data-element_type=\"container\">\n\t\t\t\t\t<div class=\"e-con-inner\">\n\t\t\t\t<div class=\"elementor-element elementor-element-c1f6327 elementor-widget elementor-widget-heading\" data-id=\"c1f6327\" data-element_type=\"widget\" data-widget_type=\"heading.default\">\n\t\t\t\t<div class=\"elementor-widget-container\">\n\t\t\t<span class=\"elementor-heading-title elementor-size-default\">Samen op zoek <\/br>naar een oplossing<\/span>\t\t<\/div>\n\t\t\t\t<\/div>\n\t\t\t\t<div class=\"elementor-element elementor-element-2d5a20e elementor-button-align-stretch elementor-widget elementor-widget-form\" data-id=\"2d5a20e\" data-element_type=\"widget\" data-settings=\"{&quot;step_next_label&quot;:&quot;Next&quot;,&quot;step_previous_label&quot;:&quot;Previous&quot;,&quot;step_type&quot;:&quot;number&quot;,&quot;button_width&quot;:&quot;100&quot;,&quot;step_icon_shape&quot;:&quot;circle&quot;}\" data-widget_type=\"form.default\">\n\t\t\t\t<div class=\"elementor-widget-container\">\n\t\t\t\t\t<form class=\"elementor-form\" method=\"post\" name=\"Aanvraag Maatwerk\" action=\"\">\n\t\t\t<input type=\"hidden\" name=\"post_id\" value=\"1174\"\/>\n\t\t\t<input type=\"hidden\" name=\"form_id\" value=\"2d5a20e\"\/>\n\t\t\t<input type=\"hidden\" name=\"referer_title\" value=\"Maatwerk - A-renting\" \/>\n\n\t\t\t\t\t\t\t<input type=\"hidden\" name=\"queried_id\" value=\"1174\"\/>\n\t\t\t\n\t\t\t<div class=\"elementor-form-fields-wrapper elementor-labels-above\">\n\t\t\t\t\t\t\t\t<div class=\"elementor-field-type-text elementor-field-group elementor-column elementor-field-group-field_4e0e95d elementor-col-50 elementor-field-required elementor-mark-required\">\n\t\t\t\t\t\t\t\t\t\t\t\t<label for=\"form-field-field_4e0e95d\" class=\"elementor-field-label\">\n\t\t\t\t\t\t\t\tNom de l'entreprise\t\t\t\t\t\t\t<\/label>\n\t\t\t\t\t\t\t\t\t\t\t\t\t\t<input size=\"1\" type=\"text\" name=\"form_fields[field_4e0e95d]\" id=\"form-field-field_4e0e95d\" class=\"elementor-field elementor-size-sm  elementor-field-textual\" placeholder=\"Nom de l&#039;entreprise\" required=\"required\" aria-required=\"true\">\n\t\t\t\t\t\t\t\t\t\t\t<\/div>\n\t\t\t\t\t\t\t\t<div class=\"elementor-field-type-number elementor-field-group elementor-column elementor-field-group-field_b770b3d elementor-col-50 elementor-field-required elementor-mark-required\">\n\t\t\t\t\t\t\t\t\t\t\t\t<label for=\"form-field-field_b770b3d\" class=\"elementor-field-label\">\n\t\t\t\t\t\t\t\tBTW Nummer\t\t\t\t\t\t\t<\/label>\n\t\t\t\t\t\t\t\t\t<input type=\"number\" name=\"form_fields[field_b770b3d]\" id=\"form-field-field_b770b3d\" class=\"elementor-field elementor-size-sm  elementor-field-textual\" placeholder=\"BTW Nummer\" required=\"required\" aria-required=\"true\" min=\"\" max=\"\" >\n\t\t\t\t\t\t<\/div>\n\t\t\t\t\t\t\t\t<div class=\"elementor-field-type-text elementor-field-group elementor-column elementor-field-group-voornaam elementor-col-50 elementor-field-required elementor-mark-required\">\n\t\t\t\t\t\t\t\t\t\t\t\t<label for=\"form-field-voornaam\" class=\"elementor-field-label\">\n\t\t\t\t\t\t\t\tPr\u00e9nom\t\t\t\t\t\t\t<\/label>\n\t\t\t\t\t\t\t\t\t\t\t\t\t\t<input size=\"1\" type=\"text\" name=\"form_fields[voornaam]\" id=\"form-field-voornaam\" class=\"elementor-field elementor-size-sm  elementor-field-textual\" placeholder=\"Pr\u00e9nom\" required=\"required\" aria-required=\"true\">\n\t\t\t\t\t\t\t\t\t\t\t<\/div>\n\t\t\t\t\t\t\t\t<div class=\"elementor-field-type-text elementor-field-group elementor-column elementor-field-group-name elementor-col-50 elementor-field-required elementor-mark-required\">\n\t\t\t\t\t\t\t\t\t\t\t\t<label for=\"form-field-name\" class=\"elementor-field-label\">\n\t\t\t\t\t\t\t\tNom\t\t\t\t\t\t\t<\/label>\n\t\t\t\t\t\t\t\t\t\t\t\t\t\t<input size=\"1\" type=\"text\" name=\"form_fields[name]\" id=\"form-field-name\" class=\"elementor-field elementor-size-sm  elementor-field-textual\" placeholder=\"Nom\" required=\"required\" aria-required=\"true\">\n\t\t\t\t\t\t\t\t\t\t\t<\/div>\n\t\t\t\t\t\t\t\t<div class=\"elementor-field-type-text elementor-field-group elementor-column elementor-field-group-straat elementor-col-50 elementor-field-required elementor-mark-required\">\n\t\t\t\t\t\t\t\t\t\t\t\t<label for=\"form-field-straat\" class=\"elementor-field-label\">\n\t\t\t\t\t\t\t\tRue et num\u00e9ro de maison\t\t\t\t\t\t\t<\/label>\n\t\t\t\t\t\t\t\t\t\t\t\t\t\t<input size=\"1\" type=\"text\" name=\"form_fields[straat]\" id=\"form-field-straat\" class=\"elementor-field elementor-size-sm  elementor-field-textual\" placeholder=\"Rue et num\u00e9ro de maison\" required=\"required\" aria-required=\"true\">\n\t\t\t\t\t\t\t\t\t\t\t<\/div>\n\t\t\t\t\t\t\t\t<div class=\"elementor-field-type-text elementor-field-group elementor-column elementor-field-group-gemeente elementor-col-25 elementor-field-required elementor-mark-required\">\n\t\t\t\t\t\t\t\t\t\t\t\t<label for=\"form-field-gemeente\" class=\"elementor-field-label\">\n\t\t\t\t\t\t\t\tVille\t\t\t\t\t\t\t<\/label>\n\t\t\t\t\t\t\t\t\t\t\t\t\t\t<input size=\"1\" type=\"text\" name=\"form_fields[gemeente]\" id=\"form-field-gemeente\" class=\"elementor-field elementor-size-sm  elementor-field-textual\" placeholder=\"Ville\" required=\"required\" aria-required=\"true\">\n\t\t\t\t\t\t\t\t\t\t\t<\/div>\n\t\t\t\t\t\t\t\t<div class=\"elementor-field-type-text elementor-field-group elementor-column elementor-field-group-postcode elementor-col-25 elementor-field-required elementor-mark-required\">\n\t\t\t\t\t\t\t\t\t\t\t\t<label for=\"form-field-postcode\" class=\"elementor-field-label\">\n\t\t\t\t\t\t\t\tCode postal\t\t\t\t\t\t\t<\/label>\n\t\t\t\t\t\t\t\t\t\t\t\t\t\t<input size=\"1\" type=\"text\" name=\"form_fields[postcode]\" id=\"form-field-postcode\" class=\"elementor-field elementor-size-sm  elementor-field-textual\" placeholder=\"Code postal\" required=\"required\" aria-required=\"true\">\n\t\t\t\t\t\t\t\t\t\t\t<\/div>\n\t\t\t\t\t\t\t\t<div class=\"elementor-field-type-email elementor-field-group elementor-column elementor-field-group-email elementor-col-50 elementor-field-required elementor-mark-required\">\n\t\t\t\t\t\t\t\t\t\t\t\t<label for=\"form-field-email\" class=\"elementor-field-label\">\n\t\t\t\t\t\t\t\tEmail\t\t\t\t\t\t\t<\/label>\n\t\t\t\t\t\t\t\t\t\t\t\t\t\t<input size=\"1\" type=\"email\" name=\"form_fields[email]\" id=\"form-field-email\" class=\"elementor-field elementor-size-sm  elementor-field-textual\" placeholder=\"Email\" required=\"required\" aria-required=\"true\">\n\t\t\t\t\t\t\t\t\t\t\t<\/div>\n\t\t\t\t\t\t\t\t<div class=\"elementor-field-type-tel elementor-field-group elementor-column elementor-field-group-phone elementor-col-50 elementor-field-required elementor-mark-required\">\n\t\t\t\t\t\t\t\t\t\t\t\t<label for=\"form-field-phone\" class=\"elementor-field-label\">\n\t\t\t\t\t\t\t\tNum\u00e9ro de t\u00e9l\u00e9phone\t\t\t\t\t\t\t<\/label>\n\t\t\t\t\t\t\t\t<input size=\"1\" type=\"tel\" name=\"form_fields[phone]\" id=\"form-field-phone\" class=\"elementor-field elementor-size-sm  elementor-field-textual\" placeholder=\"Num\u00e9ro de t\u00e9l\u00e9phone\" required=\"required\" aria-required=\"true\" pattern=\"[0-9()#&amp;+*-=.]+\" title=\"Alleen nummers en telefoontekens (#, -, *, enz.) worden geaccepteerd.\">\n\n\t\t\t\t\t\t<\/div>\n\t\t\t\t\t\t\t\t<div class=\"elementor-field-type-textarea elementor-field-group elementor-column elementor-field-group-opmerkingen elementor-col-100 elementor-field-required elementor-mark-required\">\n\t\t\t\t\t\t\t\t\t\t\t\t<label for=\"form-field-opmerkingen\" class=\"elementor-field-label\">\n\t\t\t\t\t\t\t\tVraag\t\t\t\t\t\t\t<\/label>\n\t\t\t\t\t\t<textarea class=\"elementor-field-textual elementor-field  elementor-size-sm\" name=\"form_fields[opmerkingen]\" id=\"form-field-opmerkingen\" rows=\"12\" placeholder=\"Vertel ons kort naar welke oplossing je op zoek bent.\" required=\"required\" aria-required=\"true\"><\/textarea>\t\t\t\t<\/div>\n\t\t\t\t\t\t\t\t<div class=\"elementor-field-group elementor-column elementor-field-type-submit elementor-col-100 e-form__buttons\">\n\t\t\t\t\t<button class=\"elementor-button elementor-size-sm\" type=\"submit\">\n\t\t\t\t\t\t<span class=\"elementor-button-content-wrapper\">\n\t\t\t\t\t\t\t\t\t\t\t\t\t\t\t\t\t\t\t\t\t\t<span class=\"elementor-button-text\">Envoyer<\/span>\n\t\t\t\t\t\t\t\t\t\t\t\t\t<\/span>\n\t\t\t\t\t<\/button>\n\t\t\t\t<\/div>\n\t\t\t<\/div>\n\t\t<input type=\"hidden\" name=\"trp-form-language\" value=\"fr\"\/><\/form>\n\t\t\t\t<\/div>\n\t\t\t\t<\/div>\n\t\t\t\t\t<\/div>\n\t\t\t\t<\/div>\n\t\t\t\t<\/div>","protected":false},"excerpt":{"rendered":"<p>MAATWERK Hier komt een tekst die het concept uitlegt over maatwerk bij A-renting. ||\u00a0 Target &gt;&gt; Industrie Er wordt met \/ voor de klant een klimaatoplossing op maat uitgewerkt. Dit gaat vaak over een vaste technische installatie die verhuurd \/ geleased wordt. Na een voorafgesproken periode wordt de instalatie overgekocht of doorverkocht.\u00a0 Hanne &gt;&gt; Meer [&hellip;]<\/p>","protected":false},"author":1,"featured_media":0,"parent":0,"menu_order":0,"comment_status":"closed","ping_status":"closed","template":"","meta":{"_acf_changed":false,"content-type":"","footnotes":""},"class_list":["post-1174","page","type-page","status-publish","hentry"],"acf":[],"yoast_head":"<!-- This site is optimized with the Yoast SEO plugin v23.6 - https:\/\/yoast.com\/wordpress\/plugins\/seo\/ -->\n<title>Maatwerk - A-renting<\/title>\n<meta name=\"robots\" content=\"index, follow, max-snippet:-1, max-image-preview:large, max-video-preview:-1\" \/>\n<link rel=\"canonical\" href=\"https:\/\/epzasvnx.elementor.cloud\/maatwerk\/\" \/>\n<meta property=\"og:locale\" content=\"fr_FR\" \/>\n<meta property=\"og:type\" content=\"article\" \/>\n<meta property=\"og:title\" content=\"Maatwerk - A-renting\" \/>\n<meta property=\"og:description\" content=\"MAATWERK Hier komt een tekst die het concept uitlegt over maatwerk bij A-renting. ||\u00a0 Target &gt;&gt; Industrie Er wordt met \/ voor de klant een klimaatoplossing op maat uitgewerkt. Dit gaat vaak over een vaste technische installatie die verhuurd \/ geleased wordt. Na een voorafgesproken periode wordt de instalatie overgekocht of doorverkocht.\u00a0 Hanne &gt;&gt; Meer [&hellip;]\" \/>\n<meta property=\"og:url\" content=\"https:\/\/epzasvnx.elementor.cloud\/maatwerk\/\" \/>\n<meta property=\"og:site_name\" content=\"A-renting\" \/>\n<meta property=\"article:modified_time\" content=\"2024-04-03T13:36:32+00:00\" \/>\n<meta property=\"og:image\" content=\"https:\/\/a-renting.be\/wp-content\/uploads\/2024\/04\/Shockvriezer.png\" \/>\n\t<meta property=\"og:image:width\" content=\"800\" \/>\n\t<meta property=\"og:image:height\" content=\"1000\" \/>\n\t<meta property=\"og:image:type\" content=\"image\/png\" \/>\n<meta name=\"twitter:card\" content=\"summary_large_image\" \/>\n<meta name=\"twitter:label1\" content=\"Dur\u00e9e de lecture estim\u00e9e\" \/>\n\t<meta name=\"twitter:data1\" content=\"1 minute\" \/>\n<script type=\"application\/ld+json\" class=\"yoast-schema-graph\">{\"@context\":\"https:\/\/schema.org\",\"@graph\":[{\"@type\":\"WebPage\",\"@id\":\"https:\/\/epzasvnx.elementor.cloud\/maatwerk\/\",\"url\":\"https:\/\/epzasvnx.elementor.cloud\/maatwerk\/\",\"name\":\"Maatwerk - A-renting\",\"isPartOf\":{\"@id\":\"https:\/\/epzasvnx.elementor.cloud\/#website\"},\"primaryImageOfPage\":{\"@id\":\"https:\/\/epzasvnx.elementor.cloud\/maatwerk\/#primaryimage\"},\"image\":{\"@id\":\"https:\/\/epzasvnx.elementor.cloud\/maatwerk\/#primaryimage\"},\"thumbnailUrl\":\"https:\/\/a-renting.be\/wp-content\/uploads\/2024\/04\/Shockvriezer.png\",\"datePublished\":\"2024-04-03T13:22:57+00:00\",\"dateModified\":\"2024-04-03T13:36:32+00:00\",\"breadcrumb\":{\"@id\":\"https:\/\/epzasvnx.elementor.cloud\/maatwerk\/#breadcrumb\"},\"inLanguage\":\"fr-FR\",\"potentialAction\":[{\"@type\":\"ReadAction\",\"target\":[\"https:\/\/epzasvnx.elementor.cloud\/maatwerk\/\"]}]},{\"@type\":\"ImageObject\",\"inLanguage\":\"fr-FR\",\"@id\":\"https:\/\/epzasvnx.elementor.cloud\/maatwerk\/#primaryimage\",\"url\":\"https:\/\/a-renting.be\/wp-content\/uploads\/2024\/04\/Shockvriezer.png\",\"contentUrl\":\"https:\/\/a-renting.be\/wp-content\/uploads\/2024\/04\/Shockvriezer.png\"},{\"@type\":\"BreadcrumbList\",\"@id\":\"https:\/\/epzasvnx.elementor.cloud\/maatwerk\/#breadcrumb\",\"itemListElement\":[{\"@type\":\"ListItem\",\"position\":1,\"name\":\"Home\",\"item\":\"https:\/\/a-renting.be\/\"},{\"@type\":\"ListItem\",\"position\":2,\"name\":\"Maatwerk\"}]},{\"@type\":\"WebSite\",\"@id\":\"https:\/\/epzasvnx.elementor.cloud\/#website\",\"url\":\"https:\/\/epzasvnx.elementor.cloud\/\",\"name\":\"A-renting\",\"description\":\"Verhuur van koelcontainers en vriescontainers\",\"publisher\":{\"@id\":\"https:\/\/epzasvnx.elementor.cloud\/#organization\"},\"potentialAction\":[{\"@type\":\"SearchAction\",\"target\":{\"@type\":\"EntryPoint\",\"urlTemplate\":\"https:\/\/epzasvnx.elementor.cloud\/?s={search_term_string}\"},\"query-input\":{\"@type\":\"PropertyValueSpecification\",\"valueRequired\":true,\"valueName\":\"search_term_string\"}}],\"inLanguage\":\"fr-FR\"},{\"@type\":\"Organization\",\"@id\":\"https:\/\/epzasvnx.elementor.cloud\/#organization\",\"name\":\"A-renting\",\"url\":\"https:\/\/epzasvnx.elementor.cloud\/\",\"logo\":{\"@type\":\"ImageObject\",\"inLanguage\":\"fr-FR\",\"@id\":\"https:\/\/epzasvnx.elementor.cloud\/#\/schema\/logo\/image\/\",\"url\":\"https:\/\/a-renting.be\/wp-content\/uploads\/2024\/01\/Arenting-Website.svg\",\"contentUrl\":\"https:\/\/a-renting.be\/wp-content\/uploads\/2024\/01\/Arenting-Website.svg\",\"width\":727,\"height\":149,\"caption\":\"A-renting\"},\"image\":{\"@id\":\"https:\/\/epzasvnx.elementor.cloud\/#\/schema\/logo\/image\/\"}}]}<\/script>\n<!-- \/ Yoast SEO plugin. -->","yoast_head_json":{"title":"Maatwerk - A-renting","robots":{"index":"index","follow":"follow","max-snippet":"max-snippet:-1","max-image-preview":"max-image-preview:large","max-video-preview":"max-video-preview:-1"},"canonical":"https:\/\/epzasvnx.elementor.cloud\/maatwerk\/","og_locale":"fr_FR","og_type":"article","og_title":"Maatwerk - A-renting","og_description":"MAATWERK Hier komt een tekst die het concept uitlegt over maatwerk bij A-renting. ||\u00a0 Target &gt;&gt; Industrie Er wordt met \/ voor de klant een klimaatoplossing op maat uitgewerkt. Dit gaat vaak over een vaste technische installatie die verhuurd \/ geleased wordt. Na een voorafgesproken periode wordt de instalatie overgekocht of doorverkocht.\u00a0 Hanne &gt;&gt; Meer [&hellip;]","og_url":"https:\/\/epzasvnx.elementor.cloud\/maatwerk\/","og_site_name":"A-renting","article_modified_time":"2024-04-03T13:36:32+00:00","og_image":[{"width":800,"height":1000,"url":"https:\/\/a-renting.be\/wp-content\/uploads\/2024\/04\/Shockvriezer.png","type":"image\/png"}],"twitter_card":"summary_large_image","twitter_misc":{"Dur\u00e9e de lecture estim\u00e9e":"1 minute"},"schema":{"@context":"https:\/\/schema.org","@graph":[{"@type":"WebPage","@id":"https:\/\/epzasvnx.elementor.cloud\/maatwerk\/","url":"https:\/\/epzasvnx.elementor.cloud\/maatwerk\/","name":"Maatwerk - A-renting","isPartOf":{"@id":"https:\/\/epzasvnx.elementor.cloud\/#website"},"primaryImageOfPage":{"@id":"https:\/\/epzasvnx.elementor.cloud\/maatwerk\/#primaryimage"},"image":{"@id":"https:\/\/epzasvnx.elementor.cloud\/maatwerk\/#primaryimage"},"thumbnailUrl":"https:\/\/a-renting.be\/wp-content\/uploads\/2024\/04\/Shockvriezer.png","datePublished":"2024-04-03T13:22:57+00:00","dateModified":"2024-04-03T13:36:32+00:00","breadcrumb":{"@id":"https:\/\/epzasvnx.elementor.cloud\/maatwerk\/#breadcrumb"},"inLanguage":"fr-FR","potentialAction":[{"@type":"ReadAction","target":["https:\/\/epzasvnx.elementor.cloud\/maatwerk\/"]}]},{"@type":"ImageObject","inLanguage":"fr-FR","@id":"https:\/\/epzasvnx.elementor.cloud\/maatwerk\/#primaryimage","url":"https:\/\/a-renting.be\/wp-content\/uploads\/2024\/04\/Shockvriezer.png","contentUrl":"https:\/\/a-renting.be\/wp-content\/uploads\/2024\/04\/Shockvriezer.png"},{"@type":"BreadcrumbList","@id":"https:\/\/epzasvnx.elementor.cloud\/maatwerk\/#breadcrumb","itemListElement":[{"@type":"ListItem","position":1,"name":"Home","item":"https:\/\/a-renting.be\/"},{"@type":"ListItem","position":2,"name":"Maatwerk"}]},{"@type":"WebSite","@id":"https:\/\/epzasvnx.elementor.cloud\/#website","url":"https:\/\/epzasvnx.elementor.cloud\/","name":"A-renting","description":"Verhuur van koelcontainers en vriescontainers","publisher":{"@id":"https:\/\/epzasvnx.elementor.cloud\/#organization"},"potentialAction":[{"@type":"SearchAction","target":{"@type":"EntryPoint","urlTemplate":"https:\/\/epzasvnx.elementor.cloud\/?s={search_term_string}"},"query-input":{"@type":"PropertyValueSpecification","valueRequired":true,"valueName":"search_term_string"}}],"inLanguage":"fr-FR"},{"@type":"Organization","@id":"https:\/\/epzasvnx.elementor.cloud\/#organization","name":"A-renting","url":"https:\/\/epzasvnx.elementor.cloud\/","logo":{"@type":"ImageObject","inLanguage":"fr-FR","@id":"https:\/\/epzasvnx.elementor.cloud\/#\/schema\/logo\/image\/","url":"https:\/\/a-renting.be\/wp-content\/uploads\/2024\/01\/Arenting-Website.svg","contentUrl":"https:\/\/a-renting.be\/wp-content\/uploads\/2024\/01\/Arenting-Website.svg","width":727,"height":149,"caption":"A-renting"},"image":{"@id":"https:\/\/epzasvnx.elementor.cloud\/#\/schema\/logo\/image\/"}}]}},"_links":{"self":[{"href":"https:\/\/a-renting.be\/fr\/wp-json\/wp\/v2\/pages\/1174"}],"collection":[{"href":"https:\/\/a-renting.be\/fr\/wp-json\/wp\/v2\/pages"}],"about":[{"href":"https:\/\/a-renting.be\/fr\/wp-json\/wp\/v2\/types\/page"}],"author":[{"embeddable":true,"href":"https:\/\/a-renting.be\/fr\/wp-json\/wp\/v2\/users\/1"}],"replies":[{"embeddable":true,"href":"https:\/\/a-renting.be\/fr\/wp-json\/wp\/v2\/comments?post=1174"}],"version-history":[{"count":19,"href":"https:\/\/a-renting.be\/fr\/wp-json\/wp\/v2\/pages\/1174\/revisions"}],"predecessor-version":[{"id":1210,"href":"https:\/\/a-renting.be\/fr\/wp-json\/wp\/v2\/pages\/1174\/revisions\/1210"}],"wp:attachment":[{"href":"https:\/\/a-renting.be\/fr\/wp-json\/wp\/v2\/media?parent=1174"}],"curies":[{"name":"wp","href":"https:\/\/api.w.org\/{rel}","templated":true}]}}