{"id":200,"date":"2024-01-26T12:34:48","date_gmt":"2024-01-26T12:34:48","guid":{"rendered":"https:\/\/a-renting.be\/?page_id=200"},"modified":"2024-10-17T13:23:14","modified_gmt":"2024-10-17T13:23:14","slug":"service","status":"publish","type":"page","link":"https:\/\/a-renting.be\/fr\/service\/","title":{"rendered":"Service"},"content":{"rendered":"<div data-elementor-type=\"wp-page\" data-elementor-id=\"200\" class=\"elementor elementor-200\" data-elementor-post-type=\"page\">\n\t\t\t\t<div class=\"elementor-element elementor-element-8bb8499 e-con-full e-flex e-con e-parent\" data-id=\"8bb8499\" data-element_type=\"container\" data-settings=\"{&quot;background_background&quot;:&quot;classic&quot;}\">\n\t\t<div class=\"elementor-element elementor-element-8382050 e-con-full e-flex e-con e-child\" data-id=\"8382050\" data-element_type=\"container\" data-settings=\"{&quot;background_background&quot;:&quot;classic&quot;}\">\n\t\t\t\t<div class=\"elementor-element elementor-element-58214ce elementor-widget elementor-widget-image\" data-id=\"58214ce\" data-element_type=\"widget\" data-widget_type=\"image.default\">\n\t\t\t\t<div class=\"elementor-widget-container\">\n\t\t\t\t\t\t\t\t\t\t\t\t\t<img fetchpriority=\"high\" decoding=\"async\" width=\"800\" height=\"351\" src=\"https:\/\/a-renting.be\/wp-content\/uploads\/2024\/10\/KlarkFix.png\" class=\"attachment-large size-large wp-image-1397\" alt=\"\" srcset=\"https:\/\/a-renting.be\/wp-content\/uploads\/2024\/10\/KlarkFix.png 957w, https:\/\/a-renting.be\/wp-content\/uploads\/2024\/10\/KlarkFix-300x132.png 300w, https:\/\/a-renting.be\/wp-content\/uploads\/2024\/10\/KlarkFix-768x337.png 768w\" sizes=\"(max-width: 800px) 100vw, 800px\" \/>\t\t\t\t\t\t\t\t\t\t\t\t\t<\/div>\n\t\t\t\t<\/div>\n\t\t\t\t<\/div>\n\t\t<div class=\"elementor-element elementor-element-bc72616 e-con-full e-flex e-con e-child\" data-id=\"bc72616\" data-element_type=\"container\">\n\t\t\t\t<div class=\"elementor-element elementor-element-b768571 elementor-widget elementor-widget-heading\" data-id=\"b768571\" data-element_type=\"widget\" data-widget_type=\"heading.default\">\n\t\t\t\t<div class=\"elementor-widget-container\">\n\t\t\t<h2 class=\"elementor-heading-title elementor-size-default\">LIVR\u00c9<\/br> RAPIDEMENT<\/h2>\t\t<\/div>\n\t\t\t\t<\/div>\n\t\t\t\t<div class=\"elementor-element elementor-element-35ee191 elementor-widget elementor-widget-text-editor\" data-id=\"35ee191\" data-element_type=\"widget\" data-widget_type=\"text-editor.default\">\n\t\t\t\t<div class=\"elementor-widget-container\">\n\t\t\t\t\t\t\t<p><span style=\"font-weight: 400;\">Vous avez besoin d'une solution de r\u00e9frig\u00e9ration ou de cong\u00e9lation temporaire? <\/span><i><span style=\"font-weight: 400;\">Keep it cool<\/span><\/i><span style=\"font-weight: 400;\">Nous venons \u00e0 vous. Choisissez le camion frigorifique que vous souhaitez louer, nous le livrons \u00e0 l'emplacement de votre choix dans le Benelux. Route pav\u00e9e ou terrain de festival, notre \u00e9quipe de livraison dispose du mat\u00e9riel ad\u00e9quat pour installer le conteneur. Pas d'inqui\u00e9tude donc, nous sommes l\u00e0 pour vous aider! <\/span><\/p>\t\t\t\t\t\t<\/div>\n\t\t\t\t<\/div>\n\t\t\t\t<div class=\"elementor-element elementor-element-a4c85d6 elementor-invisible elementor-widget elementor-widget-button\" data-id=\"a4c85d6\" data-element_type=\"widget\" data-settings=\"{&quot;_animation&quot;:&quot;fadeInDown&quot;}\" data-widget_type=\"button.default\">\n\t\t\t\t<div class=\"elementor-widget-container\">\n\t\t\t\t\t<div class=\"elementor-button-wrapper\">\n\t\t\t<a class=\"elementor-button elementor-button-link elementor-size-sm\" href=\"https:\/\/a-renting.be\/fr\/koelcontainers\/\">\n\t\t\t\t\t\t<span class=\"elementor-button-content-wrapper\">\n\t\t\t\t\t\t\t\t\t<span class=\"elementor-button-text\">VERS TOUTES NOS CHAMBRES FROIDES<\/span>\n\t\t\t\t\t<\/span>\n\t\t\t\t\t<\/a>\n\t\t<\/div>\n\t\t\t\t<\/div>\n\t\t\t\t<\/div>\n\t\t\t\t<\/div>\n\t\t\t\t<\/div>\n\t\t<div class=\"elementor-element elementor-element-1fe5ad6 e-con-full e-flex e-con e-parent\" data-id=\"1fe5ad6\" data-element_type=\"container\" data-settings=\"{&quot;background_background&quot;:&quot;classic&quot;}\">\n\t\t<div class=\"elementor-element elementor-element-1f35c7c e-con-full e-flex e-con e-child\" data-id=\"1f35c7c\" data-element_type=\"container\" data-settings=\"{&quot;background_background&quot;:&quot;gradient&quot;}\">\n\t\t\t\t<div class=\"elementor-element elementor-element-deb446e elementor-absolute elementor-widget elementor-widget-image\" data-id=\"deb446e\" data-element_type=\"widget\" data-settings=\"{&quot;_position&quot;:&quot;absolute&quot;,&quot;motion_fx_motion_fx_scrolling&quot;:&quot;yes&quot;,&quot;motion_fx_translateY_effect&quot;:&quot;yes&quot;,&quot;motion_fx_translateY_speed&quot;:{&quot;unit&quot;:&quot;px&quot;,&quot;size&quot;:1.1,&quot;sizes&quot;:[]},&quot;motion_fx_translateY_affectedRange&quot;:{&quot;unit&quot;:&quot;%&quot;,&quot;size&quot;:&quot;&quot;,&quot;sizes&quot;:{&quot;start&quot;:0,&quot;end&quot;:100}},&quot;motion_fx_devices&quot;:[&quot;desktop&quot;,&quot;tablet&quot;,&quot;mobile&quot;]}\" data-widget_type=\"image.default\">\n\t\t\t\t<div class=\"elementor-widget-container\">\n\t\t\t\t\t\t\t\t\t\t\t\t\t<img decoding=\"async\" width=\"131\" height=\"149\" src=\"https:\/\/a-renting.be\/wp-content\/uploads\/2024\/02\/IconWhite.svg\" class=\"attachment-large size-large wp-image-751\" alt=\"\" \/>\t\t\t\t\t\t\t\t\t\t\t\t\t<\/div>\n\t\t\t\t<\/div>\n\t\t\t\t<div class=\"elementor-element elementor-element-87e68fd elementor-widget elementor-widget-image\" data-id=\"87e68fd\" data-element_type=\"widget\" data-widget_type=\"image.default\">\n\t\t\t\t<div class=\"elementor-widget-container\">\n\t\t\t\t\t\t\t\t\t\t\t\t\t<img decoding=\"async\" width=\"800\" height=\"800\" src=\"https:\/\/a-renting.be\/wp-content\/uploads\/2024\/02\/Team1.png\" class=\"attachment-large size-large wp-image-741\" alt=\"\" srcset=\"https:\/\/a-renting.be\/wp-content\/uploads\/2024\/02\/Team1.png 1024w, https:\/\/a-renting.be\/wp-content\/uploads\/2024\/02\/Team1-300x300.png 300w, https:\/\/a-renting.be\/wp-content\/uploads\/2024\/02\/Team1-150x150.png 150w, https:\/\/a-renting.be\/wp-content\/uploads\/2024\/02\/Team1-768x768.png 768w\" sizes=\"(max-width: 800px) 100vw, 800px\" \/>\t\t\t\t\t\t\t\t\t\t\t\t\t<\/div>\n\t\t\t\t<\/div>\n\t\t\t\t<\/div>\n\t\t<div class=\"elementor-element elementor-element-045b220 e-con-full e-flex e-con e-child\" data-id=\"045b220\" data-element_type=\"container\">\n\t\t\t\t<div class=\"elementor-element elementor-element-bb3fb74 elementor-widget elementor-widget-heading\" data-id=\"bb3fb74\" data-element_type=\"widget\" data-widget_type=\"heading.default\">\n\t\t\t\t<div class=\"elementor-widget-container\">\n\t\t\t<h2 class=\"elementor-heading-title elementor-size-default\">Techniciens internes<\/h2>\t\t<\/div>\n\t\t\t\t<\/div>\n\t\t\t\t<div class=\"elementor-element elementor-element-553eee0 elementor-widget elementor-widget-heading\" data-id=\"553eee0\" data-element_type=\"widget\" data-widget_type=\"heading.default\">\n\t\t\t\t<div class=\"elementor-widget-container\">\n\t\t\t<h2 class=\"elementor-heading-title elementor-size-default\">Disponible par t\u00e9l\u00e9phone 24\/7<\/h2>\t\t<\/div>\n\t\t\t\t<\/div>\n\t\t\t\t<div class=\"elementor-element elementor-element-fe3d1e8 elementor-widget elementor-widget-text-editor\" data-id=\"fe3d1e8\" data-element_type=\"widget\" data-widget_type=\"text-editor.default\">\n\t\t\t\t<div class=\"elementor-widget-container\">\n\t\t\t\t\t\t\t<p><span style=\"font-weight: 400;\">Vous avez une panne ou un probl\u00e8me avec votre chambre froide ? Nos techniciens sont joignables par t\u00e9l\u00e9phone 24\/7. Appelez le 055\/45.79.45 et l\u2019un de nos experts vous aidera \u00e0 r\u00e9soudre le probl\u00e8me le plus rapidement possible. <\/span><\/p>\t\t\t\t\t\t<\/div>\n\t\t\t\t<\/div>\n\t\t\t\t<div class=\"elementor-element elementor-element-ea49990 elementor-invisible elementor-widget elementor-widget-button\" data-id=\"ea49990\" data-element_type=\"widget\" data-settings=\"{&quot;_animation&quot;:&quot;fadeInDown&quot;}\" data-widget_type=\"button.default\">\n\t\t\t\t<div class=\"elementor-widget-container\">\n\t\t\t\t\t<div class=\"elementor-button-wrapper\">\n\t\t\t<a class=\"elementor-button elementor-button-link elementor-size-sm\" href=\"tel:\u202d055\/45.79.45%20\">\n\t\t\t\t\t\t<span class=\"elementor-button-content-wrapper\">\n\t\t\t\t\t\t<span class=\"elementor-button-icon\">\n\t\t\t\t<svg aria-hidden=\"true\" class=\"e-font-icon-svg e-fas-phone-alt\" viewbox=\"0 0 512 512\" xmlns=\"http:\/\/www.w3.org\/2000\/svg\"><path d=\"M497.39 361.8l-112-48a24 24 0 0 0-28 6.9l-49.6 60.6A370.66 370.66 0 0 1 130.6 204.11l60.6-49.6a23.94 23.94 0 0 0 6.9-28l-48-112A24.16 24.16 0 0 0 122.6.61l-104 24A24 24 0 0 0 0 48c0 256.5 207.9 464 464 464a24 24 0 0 0 23.4-18.6l24-104a24.29 24.29 0 0 0-14.01-27.6z\"><\/path><\/svg>\t\t\t<\/span>\n\t\t\t\t\t\t\t\t\t<span class=\"elementor-button-text\">055\/45.79.45 <\/span>\n\t\t\t\t\t<\/span>\n\t\t\t\t\t<\/a>\n\t\t<\/div>\n\t\t\t\t<\/div>\n\t\t\t\t<\/div>\n\t\t\t\t<\/div>\n\t\t\t\t<\/div>\n\t\t<div class=\"elementor-element elementor-element-0572f4a e-con-full e-flex e-con e-parent\" data-id=\"0572f4a\" data-element_type=\"container\" data-settings=\"{&quot;background_background&quot;:&quot;classic&quot;}\">\n\t\t<div class=\"elementor-element elementor-element-d804148 e-con-full e-flex e-con e-child\" data-id=\"d804148\" data-element_type=\"container\" data-settings=\"{&quot;background_background&quot;:&quot;gradient&quot;}\">\n\t\t\t\t<div class=\"elementor-element elementor-element-f36aa59 elementor-widget elementor-widget-image\" data-id=\"f36aa59\" data-element_type=\"widget\" data-widget_type=\"image.default\">\n\t\t\t\t<div class=\"elementor-widget-container\">\n\t\t\t\t\t\t\t\t\t\t\t\t\t<img loading=\"lazy\" decoding=\"async\" width=\"800\" height=\"833\" src=\"https:\/\/a-renting.be\/wp-content\/uploads\/2024\/01\/IOT3.png\" class=\"attachment-large size-large wp-image-214\" alt=\"\" srcset=\"https:\/\/a-renting.be\/wp-content\/uploads\/2024\/01\/IOT3.png 800w, https:\/\/a-renting.be\/wp-content\/uploads\/2024\/01\/IOT3-288x300.png 288w, https:\/\/a-renting.be\/wp-content\/uploads\/2024\/01\/IOT3-768x800.png 768w\" sizes=\"(max-width: 800px) 100vw, 800px\" \/>\t\t\t\t\t\t\t\t\t\t\t\t\t<\/div>\n\t\t\t\t<\/div>\n\t\t\t\t<\/div>\n\t\t<div class=\"elementor-element elementor-element-dabc420 e-con-full e-flex e-con e-child\" data-id=\"dabc420\" data-element_type=\"container\">\n\t\t\t\t<div class=\"elementor-element elementor-element-f430cbe elementor-widget elementor-widget-heading\" data-id=\"f430cbe\" data-element_type=\"widget\" data-widget_type=\"heading.default\">\n\t\t\t\t<div class=\"elementor-widget-container\">\n\t\t\t<h2 class=\"elementor-heading-title elementor-size-default\">SURVEILLANCE INTELLIGENTE<\/h2>\t\t<\/div>\n\t\t\t\t<\/div>\n\t\t\t\t<div class=\"elementor-element elementor-element-b5ed713 elementor-widget elementor-widget-text-editor\" data-id=\"b5ed713\" data-element_type=\"widget\" data-widget_type=\"text-editor.default\">\n\t\t\t\t<div class=\"elementor-widget-container\">\n\t\t\t\t\t\t\t<p><span style=\"font-weight: 400;\">Maintenir la bonne temp\u00e9rature dans votre chambre froide est crucial dans l'industrie alimentaire. Toutes nos installations de r\u00e9frig\u00e9ration sont d\u00e9velopp\u00e9es conform\u00e9ment aux normes HACCP les plus r\u00e9centes et approuv\u00e9es par l'AFSCA. De plus, gr\u00e2ce \u00e0 notre surveillance intelligente, vous gardez un \u0153il sur vos installations \u00e0 tout moment, que ce soit derri\u00e8re le bar ou depuis votre bureau. Consultez la temp\u00e9rature en direct et configurez une alarme pour pr\u00e9venir tout probl\u00e8me.<\/span><\/p>\t\t\t\t\t\t<\/div>\n\t\t\t\t<\/div>\n\t\t\t\t<div class=\"elementor-element elementor-element-ee25608 elementor-widget elementor-widget-heading\" data-id=\"ee25608\" data-element_type=\"widget\" data-widget_type=\"heading.default\">\n\t\t\t\t<div class=\"elementor-widget-container\">\n\t\t\t<h2 class=\"elementor-heading-title elementor-size-default\">Des questions sur la surveillance intelligente? Nos techniciens sont \u00e0 votre disposition au num\u00e9ro:\n\n\n<\/h2>\t\t<\/div>\n\t\t\t\t<\/div>\n\t\t\t\t<div class=\"elementor-element elementor-element-c1e3c46 elementor-invisible elementor-widget elementor-widget-button\" data-id=\"c1e3c46\" data-element_type=\"widget\" data-settings=\"{&quot;_animation&quot;:&quot;fadeInDown&quot;}\" data-widget_type=\"button.default\">\n\t\t\t\t<div class=\"elementor-widget-container\">\n\t\t\t\t\t<div class=\"elementor-button-wrapper\">\n\t\t\t<a class=\"elementor-button elementor-button-link elementor-size-sm\" href=\"tel:\u202d055\/45.79.45%20\">\n\t\t\t\t\t\t<span class=\"elementor-button-content-wrapper\">\n\t\t\t\t\t\t<span class=\"elementor-button-icon\">\n\t\t\t\t<svg aria-hidden=\"true\" class=\"e-font-icon-svg e-fas-phone-alt\" viewbox=\"0 0 512 512\" xmlns=\"http:\/\/www.w3.org\/2000\/svg\"><path d=\"M497.39 361.8l-112-48a24 24 0 0 0-28 6.9l-49.6 60.6A370.66 370.66 0 0 1 130.6 204.11l60.6-49.6a23.94 23.94 0 0 0 6.9-28l-48-112A24.16 24.16 0 0 0 122.6.61l-104 24A24 24 0 0 0 0 48c0 256.5 207.9 464 464 464a24 24 0 0 0 23.4-18.6l24-104a24.29 24.29 0 0 0-14.01-27.6z\"><\/path><\/svg>\t\t\t<\/span>\n\t\t\t\t\t\t\t\t\t<span class=\"elementor-button-text\">055\/45.79.45 <\/span>\n\t\t\t\t\t<\/span>\n\t\t\t\t\t<\/a>\n\t\t<\/div>\n\t\t\t\t<\/div>\n\t\t\t\t<\/div>\n\t\t\t\t<\/div>\n\t\t\t\t<\/div>\n\t\t<div class=\"elementor-element elementor-element-8738129 e-flex e-con-boxed e-con e-parent\" data-id=\"8738129\" data-element_type=\"container\">\n\t\t\t\t\t<div class=\"e-con-inner\">\n\t\t\t\t<div class=\"elementor-element elementor-element-7f01464 animated-slow elementor-invisible elementor-widget elementor-widget-image\" data-id=\"7f01464\" data-element_type=\"widget\" data-settings=\"{&quot;_animation&quot;:&quot;slideInLeft&quot;}\" data-widget_type=\"image.default\">\n\t\t\t\t<div class=\"elementor-widget-container\">\n\t\t\t\t\t\t\t\t\t\t\t\t\t<img loading=\"lazy\" decoding=\"async\" width=\"800\" height=\"800\" src=\"https:\/\/a-renting.be\/wp-content\/uploads\/2024\/02\/26-1024x1024.png\" class=\"attachment-large size-large wp-image-537\" alt=\"\" srcset=\"https:\/\/a-renting.be\/wp-content\/uploads\/2024\/02\/26-1024x1024.png 1024w, https:\/\/a-renting.be\/wp-content\/uploads\/2024\/02\/26-300x300.png 300w, https:\/\/a-renting.be\/wp-content\/uploads\/2024\/02\/26-150x150.png 150w, https:\/\/a-renting.be\/wp-content\/uploads\/2024\/02\/26-768x768.png 768w, https:\/\/a-renting.be\/wp-content\/uploads\/2024\/02\/26.png 1042w\" sizes=\"(max-width: 800px) 100vw, 800px\" \/>\t\t\t\t\t\t\t\t\t\t\t\t\t<\/div>\n\t\t\t\t<\/div>\n\t\t\t\t<div class=\"elementor-element elementor-element-c1f6327 elementor-widget elementor-widget-heading\" data-id=\"c1f6327\" data-element_type=\"widget\" data-widget_type=\"heading.default\">\n\t\t\t\t<div class=\"elementor-widget-container\">\n\t\t\t<span class=\"elementor-heading-title elementor-size-default\">Quelle chambre froide <\/br> avez-vous besoin?<\/span>\t\t<\/div>\n\t\t\t\t<\/div>\n\t\t\t\t<div class=\"elementor-element elementor-element-20c34d3 elementor-align-center elementor-invisible elementor-widget elementor-widget-button\" data-id=\"20c34d3\" data-element_type=\"widget\" data-settings=\"{&quot;_animation&quot;:&quot;fadeInDown&quot;}\" data-widget_type=\"button.default\">\n\t\t\t\t<div class=\"elementor-widget-container\">\n\t\t\t\t\t<div class=\"elementor-button-wrapper\">\n\t\t\t<a class=\"elementor-button elementor-button-link elementor-size-sm\" href=\"https:\/\/a-renting.be\/fr\/aanbod\/\">\n\t\t\t\t\t\t<span class=\"elementor-button-content-wrapper\">\n\t\t\t\t\t\t\t\t\t<span class=\"elementor-button-text\">NOTRE OFFRE<\/span>\n\t\t\t\t\t<\/span>\n\t\t\t\t\t<\/a>\n\t\t<\/div>\n\t\t\t\t<\/div>\n\t\t\t\t<\/div>\n\t\t\t\t\t<\/div>\n\t\t\t\t<\/div>\n\t\t\t\t<\/div>","protected":false},"excerpt":{"rendered":"<p>SNEL EN VLOT GELEVERD Heb je een tijdelijke koel- of vriesoplossing nodig? Keep it cool, we komen naar je toe. Kies de koelwagen die je wil huren, wij leveren hem tot op een locatie naar keuze in de Benelux. Verharde weg of festivalterrein, ons leverteam beschikt over het juiste materiaal om de container te installeren. [&hellip;]<\/p>","protected":false},"author":1,"featured_media":0,"parent":0,"menu_order":0,"comment_status":"closed","ping_status":"closed","template":"","meta":{"_acf_changed":false,"content-type":"","footnotes":""},"class_list":["post-200","page","type-page","status-publish","hentry"],"acf":[],"yoast_head":"<!-- This site is optimized with the Yoast SEO plugin v23.6 - https:\/\/yoast.com\/wordpress\/plugins\/seo\/ -->\n<title>Service bij verhuur van koelwagens | A-renting<\/title>\n<meta name=\"description\" content=\"Bij A-renting reken je op een vlotte levering. Onze techniekers zijn 24\/7 telefonisch bereikbaar en leren je alles over slimme monitoring van je koelwagens.\" \/>\n<meta name=\"robots\" content=\"index, follow, max-snippet:-1, max-image-preview:large, max-video-preview:-1\" \/>\n<link rel=\"canonical\" href=\"https:\/\/epzasvnx.elementor.cloud\/service\/\" \/>\n<meta property=\"og:locale\" content=\"fr_FR\" \/>\n<meta property=\"og:type\" content=\"article\" \/>\n<meta property=\"og:title\" content=\"Service bij verhuur van koelwagens | A-renting\" \/>\n<meta property=\"og:description\" content=\"Bij A-renting reken je op een vlotte levering. Onze techniekers zijn 24\/7 telefonisch bereikbaar en leren je alles over slimme monitoring van je koelwagens.\" \/>\n<meta property=\"og:url\" content=\"https:\/\/epzasvnx.elementor.cloud\/service\/\" \/>\n<meta property=\"og:site_name\" content=\"A-renting\" \/>\n<meta property=\"article:modified_time\" content=\"2024-10-17T13:23:14+00:00\" \/>\n<meta property=\"og:image\" content=\"https:\/\/epzasvnx.elementor.cloud\/wp-content\/uploads\/2024\/10\/SocialShare.png\" \/>\n\t<meta property=\"og:image:width\" content=\"800\" \/>\n\t<meta property=\"og:image:height\" content=\"546\" \/>\n\t<meta property=\"og:image:type\" content=\"image\/png\" \/>\n<meta name=\"twitter:card\" content=\"summary_large_image\" \/>\n<meta name=\"twitter:label1\" content=\"Dur\u00e9e de lecture estim\u00e9e\" \/>\n\t<meta name=\"twitter:data1\" content=\"2 minutes\" \/>\n<script type=\"application\/ld+json\" class=\"yoast-schema-graph\">{\"@context\":\"https:\/\/schema.org\",\"@graph\":[{\"@type\":\"WebPage\",\"@id\":\"https:\/\/epzasvnx.elementor.cloud\/service\/\",\"url\":\"https:\/\/epzasvnx.elementor.cloud\/service\/\",\"name\":\"Service bij verhuur van koelwagens | A-renting\",\"isPartOf\":{\"@id\":\"https:\/\/epzasvnx.elementor.cloud\/#website\"},\"primaryImageOfPage\":{\"@id\":\"https:\/\/epzasvnx.elementor.cloud\/service\/#primaryimage\"},\"image\":{\"@id\":\"https:\/\/epzasvnx.elementor.cloud\/service\/#primaryimage\"},\"thumbnailUrl\":\"https:\/\/a-renting.be\/wp-content\/uploads\/2024\/10\/KlarkFix.png\",\"datePublished\":\"2024-01-26T12:34:48+00:00\",\"dateModified\":\"2024-10-17T13:23:14+00:00\",\"description\":\"Bij A-renting reken je op een vlotte levering. Onze techniekers zijn 24\/7 telefonisch bereikbaar en leren je alles over slimme monitoring van je koelwagens.\",\"breadcrumb\":{\"@id\":\"https:\/\/epzasvnx.elementor.cloud\/service\/#breadcrumb\"},\"inLanguage\":\"fr-FR\",\"potentialAction\":[{\"@type\":\"ReadAction\",\"target\":[\"https:\/\/epzasvnx.elementor.cloud\/service\/\"]}]},{\"@type\":\"ImageObject\",\"inLanguage\":\"fr-FR\",\"@id\":\"https:\/\/epzasvnx.elementor.cloud\/service\/#primaryimage\",\"url\":\"https:\/\/a-renting.be\/wp-content\/uploads\/2024\/10\/KlarkFix.png\",\"contentUrl\":\"https:\/\/a-renting.be\/wp-content\/uploads\/2024\/10\/KlarkFix.png\"},{\"@type\":\"BreadcrumbList\",\"@id\":\"https:\/\/epzasvnx.elementor.cloud\/service\/#breadcrumb\",\"itemListElement\":[{\"@type\":\"ListItem\",\"position\":1,\"name\":\"Home\",\"item\":\"https:\/\/a-renting.be\/\"},{\"@type\":\"ListItem\",\"position\":2,\"name\":\"Service\"}]},{\"@type\":\"WebSite\",\"@id\":\"https:\/\/epzasvnx.elementor.cloud\/#website\",\"url\":\"https:\/\/epzasvnx.elementor.cloud\/\",\"name\":\"A-renting\",\"description\":\"Verhuur van koelcontainers en vriescontainers\",\"publisher\":{\"@id\":\"https:\/\/epzasvnx.elementor.cloud\/#organization\"},\"potentialAction\":[{\"@type\":\"SearchAction\",\"target\":{\"@type\":\"EntryPoint\",\"urlTemplate\":\"https:\/\/epzasvnx.elementor.cloud\/?s={search_term_string}\"},\"query-input\":{\"@type\":\"PropertyValueSpecification\",\"valueRequired\":true,\"valueName\":\"search_term_string\"}}],\"inLanguage\":\"fr-FR\"},{\"@type\":\"Organization\",\"@id\":\"https:\/\/epzasvnx.elementor.cloud\/#organization\",\"name\":\"A-renting\",\"url\":\"https:\/\/epzasvnx.elementor.cloud\/\",\"logo\":{\"@type\":\"ImageObject\",\"inLanguage\":\"fr-FR\",\"@id\":\"https:\/\/epzasvnx.elementor.cloud\/#\/schema\/logo\/image\/\",\"url\":\"https:\/\/a-renting.be\/wp-content\/uploads\/2024\/01\/Arenting-Website.svg\",\"contentUrl\":\"https:\/\/a-renting.be\/wp-content\/uploads\/2024\/01\/Arenting-Website.svg\",\"width\":727,\"height\":149,\"caption\":\"A-renting\"},\"image\":{\"@id\":\"https:\/\/epzasvnx.elementor.cloud\/#\/schema\/logo\/image\/\"}}]}<\/script>\n<!-- \/ Yoast SEO plugin. -->","yoast_head_json":{"title":"Service bij verhuur van koelwagens | A-renting","description":"Bij A-renting reken je op een vlotte levering. Onze techniekers zijn 24\/7 telefonisch bereikbaar en leren je alles over slimme monitoring van je koelwagens.","robots":{"index":"index","follow":"follow","max-snippet":"max-snippet:-1","max-image-preview":"max-image-preview:large","max-video-preview":"max-video-preview:-1"},"canonical":"https:\/\/epzasvnx.elementor.cloud\/service\/","og_locale":"fr_FR","og_type":"article","og_title":"Service bij verhuur van koelwagens | A-renting","og_description":"Bij A-renting reken je op een vlotte levering. Onze techniekers zijn 24\/7 telefonisch bereikbaar en leren je alles over slimme monitoring van je koelwagens.","og_url":"https:\/\/epzasvnx.elementor.cloud\/service\/","og_site_name":"A-renting","article_modified_time":"2024-10-17T13:23:14+00:00","og_image":[{"width":800,"height":546,"url":"https:\/\/epzasvnx.elementor.cloud\/wp-content\/uploads\/2024\/10\/SocialShare.png","type":"image\/png"}],"twitter_card":"summary_large_image","twitter_misc":{"Dur\u00e9e de lecture estim\u00e9e":"2 minutes"},"schema":{"@context":"https:\/\/schema.org","@graph":[{"@type":"WebPage","@id":"https:\/\/epzasvnx.elementor.cloud\/service\/","url":"https:\/\/epzasvnx.elementor.cloud\/service\/","name":"Service bij verhuur van koelwagens | A-renting","isPartOf":{"@id":"https:\/\/epzasvnx.elementor.cloud\/#website"},"primaryImageOfPage":{"@id":"https:\/\/epzasvnx.elementor.cloud\/service\/#primaryimage"},"image":{"@id":"https:\/\/epzasvnx.elementor.cloud\/service\/#primaryimage"},"thumbnailUrl":"https:\/\/a-renting.be\/wp-content\/uploads\/2024\/10\/KlarkFix.png","datePublished":"2024-01-26T12:34:48+00:00","dateModified":"2024-10-17T13:23:14+00:00","description":"Bij A-renting reken je op een vlotte levering. Onze techniekers zijn 24\/7 telefonisch bereikbaar en leren je alles over slimme monitoring van je koelwagens.","breadcrumb":{"@id":"https:\/\/epzasvnx.elementor.cloud\/service\/#breadcrumb"},"inLanguage":"fr-FR","potentialAction":[{"@type":"ReadAction","target":["https:\/\/epzasvnx.elementor.cloud\/service\/"]}]},{"@type":"ImageObject","inLanguage":"fr-FR","@id":"https:\/\/epzasvnx.elementor.cloud\/service\/#primaryimage","url":"https:\/\/a-renting.be\/wp-content\/uploads\/2024\/10\/KlarkFix.png","contentUrl":"https:\/\/a-renting.be\/wp-content\/uploads\/2024\/10\/KlarkFix.png"},{"@type":"BreadcrumbList","@id":"https:\/\/epzasvnx.elementor.cloud\/service\/#breadcrumb","itemListElement":[{"@type":"ListItem","position":1,"name":"Home","item":"https:\/\/a-renting.be\/"},{"@type":"ListItem","position":2,"name":"Service"}]},{"@type":"WebSite","@id":"https:\/\/epzasvnx.elementor.cloud\/#website","url":"https:\/\/epzasvnx.elementor.cloud\/","name":"A-renting","description":"Verhuur van koelcontainers en vriescontainers","publisher":{"@id":"https:\/\/epzasvnx.elementor.cloud\/#organization"},"potentialAction":[{"@type":"SearchAction","target":{"@type":"EntryPoint","urlTemplate":"https:\/\/epzasvnx.elementor.cloud\/?s={search_term_string}"},"query-input":{"@type":"PropertyValueSpecification","valueRequired":true,"valueName":"search_term_string"}}],"inLanguage":"fr-FR"},{"@type":"Organization","@id":"https:\/\/epzasvnx.elementor.cloud\/#organization","name":"A-renting","url":"https:\/\/epzasvnx.elementor.cloud\/","logo":{"@type":"ImageObject","inLanguage":"fr-FR","@id":"https:\/\/epzasvnx.elementor.cloud\/#\/schema\/logo\/image\/","url":"https:\/\/a-renting.be\/wp-content\/uploads\/2024\/01\/Arenting-Website.svg","contentUrl":"https:\/\/a-renting.be\/wp-content\/uploads\/2024\/01\/Arenting-Website.svg","width":727,"height":149,"caption":"A-renting"},"image":{"@id":"https:\/\/epzasvnx.elementor.cloud\/#\/schema\/logo\/image\/"}}]}},"_links":{"self":[{"href":"https:\/\/a-renting.be\/fr\/wp-json\/wp\/v2\/pages\/200"}],"collection":[{"href":"https:\/\/a-renting.be\/fr\/wp-json\/wp\/v2\/pages"}],"about":[{"href":"https:\/\/a-renting.be\/fr\/wp-json\/wp\/v2\/types\/page"}],"author":[{"embeddable":true,"href":"https:\/\/a-renting.be\/fr\/wp-json\/wp\/v2\/users\/1"}],"replies":[{"embeddable":true,"href":"https:\/\/a-renting.be\/fr\/wp-json\/wp\/v2\/comments?post=200"}],"version-history":[{"count":25,"href":"https:\/\/a-renting.be\/fr\/wp-json\/wp\/v2\/pages\/200\/revisions"}],"predecessor-version":[{"id":1643,"href":"https:\/\/a-renting.be\/fr\/wp-json\/wp\/v2\/pages\/200\/revisions\/1643"}],"wp:attachment":[{"href":"https:\/\/a-renting.be\/fr\/wp-json\/wp\/v2\/media?parent=200"}],"curies":[{"name":"wp","href":"https:\/\/api.w.org\/{rel}","templated":true}]}}